{"id":1262,"date":"2025-02-16T06:11:04","date_gmt":"2025-02-16T05:11:04","guid":{"rendered":"https:\/\/therapy-with-ai.com\/?page_id=1262"},"modified":"2025-04-10T10:26:10","modified_gmt":"2025-04-10T08:26:10","slug":"impressum","status":"publish","type":"page","link":"https:\/\/therapy-with-ai.com\/en\/impressum\/","title":{"rendered":"Imprint"},"content":{"rendered":"<div data-elementor-type=\"wp-page\" data-elementor-id=\"1262\" class=\"elementor elementor-1262\">\n\t\t\t\t<div class=\"elementor-element elementor-element-455dc80 e-flex e-con-boxed wpr-particle-no wpr-jarallax-no wpr-parallax-no wpr-sticky-section-no e-con e-parent\" data-id=\"455dc80\" data-element_type=\"container\">\n\t\t\t\t\t<div class=\"e-con-inner\">\n\t\t\t\t<div class=\"elementor-element elementor-element-ed4219f elementor-widget elementor-widget-heading\" data-id=\"ed4219f\" data-element_type=\"widget\" data-widget_type=\"heading.default\">\n\t\t\t\t<div class=\"elementor-widget-container\">\n\t\t\t\t\t<h2 class=\"elementor-heading-title elementor-size-default\">Imprint<\/h2>\t\t\t\t<\/div>\n\t\t\t\t<\/div>\n\t\t\t\t\t<\/div>\n\t\t\t\t<\/div>\n\t\t<div class=\"elementor-element elementor-element-66573cc e-flex e-con-boxed wpr-particle-no wpr-jarallax-no wpr-parallax-no wpr-sticky-section-no e-con e-parent\" data-id=\"66573cc\" data-element_type=\"container\">\n\t\t\t\t\t<div class=\"e-con-inner\">\n\t\t\t\t<div class=\"elementor-element elementor-element-1e3abab elementor-widget elementor-widget-text-editor\" data-id=\"1e3abab\" data-element_type=\"widget\" data-widget_type=\"text-editor.default\">\n\t\t\t\t<div class=\"elementor-widget-container\">\n\t\t\t\t\t\t\t\t\t<p>at the same time provider identification in the sense of \u00a75 TMG<\/p><p><strong>Therapy With AI<\/strong><br \/>Alexander H\u00e4hnel<br \/>Hoherlehmer Stra\u00dfe 51<br \/>15711 K\u00f6nigs Wusterhausen<\/p><p>Email: info(at)therapie-mit-ki.de<br \/>Website: www.therapie-mit-ki.de<\/p><p>hereinafter also referred to as \"provider\"<\/p><p><strong>Responsible for the content according to RStV<br \/><\/strong>Alexander H\u00e4hnel<\/p><p><strong>Arbitration board<\/strong><br \/>The EU Commission offers the possibility of online dispute resolution on an online platform operated by it. This platform can be accessed via the external link: <a href=\"http:\/\/ec.europa.eu\/consumers\/odr\/\" target=\"_blank\" rel=\"noopener noreferrer\">http:\/\/ec.europa.eu\/consumers\/odr\/<\/a>\u00a0zu erreichen.<\/p><p><strong>Liability for content<\/strong><br \/>The content of this website has been checked and compiled with the utmost care. However, the provider accepts no liability for the accuracy, completeness and topicality of the content. The provider expressly reserves the right to change the website at any time.<\/p><p><strong>Liability for links<\/strong><br \/>This website contains links to external websites over whose content the provider has no influence. The respective provider or operator of the pages is always responsible for the content of the linked pages. Therefore, despite careful examination, the provider expressly distances itself from all contents of all linked pages.<\/p><p><span style=\"text-decoration: underline;\"><strong>Emergency numbers (external services)<\/strong><\/span><\/p><p><strong>Germany<\/strong><\/p><p>Telephone counseling<br \/>Tel.: 0800\/1110111 \/ 0800\/1110222<br \/>Tel.: 0800\/1110333 (especially for children)<br \/>Tel.: 0800\/1110550 (for parents)<\/p><p>Emergency telephone Suicide Germany<br \/>Tel.: 030\/8730111<\/p><p>Addiction and drug hotline<br \/>Tel.: 01805\/313031<\/p><p>Action Group Eating and Anorexia Cinderella e.V.<br \/>Tel.: 089\/5021212<\/p><p>ANAD Selbsthilfe Anorexie Bulimia Nervosa e.V.<br \/>Tel.: 089\/2199730<\/p><p>WEISSER RING e.V. Help and support for victims and their families in the event of intentional crimes (represented nationwide)<br \/>Tel.: 030\/8337060<\/p><p>Poison control center<br \/>Tel.: 030\/19240<\/p><p><strong>Austria<\/strong><\/p><p>Telephone counseling<br \/>Tel.: 142<\/p><p>Addiction and drug hotline<br \/>Tel.: 0810\/208877<\/p><p>Psychiatric emergency assistance<br \/>Tel.: 31330<\/p><p>Poison control center<br \/>Tel.: 01\/4064343<\/p><p>Anonymous Alcoholics<br \/>Tel.: 0222\/788241<\/p><p>Anonymous players<br \/>Tel.: 0222\/551357<\/p><p>Blue Cross in Austria<br \/>Tel.: 0222\/442746<\/p><p>Federal Association of Parents' Circles of People at Risk of Drug Addiction and Drug Addicts<br \/>Tel.: 0662\/840734<\/p><p>Self-help group for people with eating disorders Neighborhood Center Vienna<br \/>Tel.: 0222\/239898<\/p><p><strong>Switzerland<\/strong><\/p><p>Telephone counseling<br \/>Tel.: 143<br \/>Tel.: 0800554210 (especially for children and teenagers)<\/p><p>Poison control center<br \/>Tel.: 145<\/p><p>Addiction and drug hotline<\/p><p>Tel.: 052\/7211743 (Alcohol), 052-7211744 (Drugs)<\/p>\t\t\t\t\t\t\t\t<\/div>\n\t\t\t\t<\/div>\n\t\t\t\t\t<\/div>\n\t\t\t\t<\/div>\n\t\t\t\t<\/div>","protected":false},"excerpt":{"rendered":"<p>Impressum zugleich Anbieterkennung im Sinne von \u00a75 TMG Therapie mit KIAlexander H\u00e4hnelHoherlehmer Stra\u00dfe 5115711 K\u00f6nigs Wusterhausen Email: info(at)therapie-mit-ki.deWebsite: www.therapie-mit-ki.de nachfolgend auch &#8222;Anbieter&#8220; genannt Verantwortliche(r) f\u00fcr den Inhalt gem\u00e4\u00df RStVAlexander H\u00e4hnel SchlichtungsstelleDie EU-Kommission bietet die M\u00f6glichkeit zur Online-Streitbeilegung auf einer von ihr betriebenen Online-Plattform. Diese Plattform ist \u00fcber den externen Link: http:\/\/ec.europa.eu\/consumers\/odr\/\u00a0zu erreichen. Haftung f\u00fcr InhalteDie Inhalte dieses Internetauftritts wurden mit gr\u00f6\u00dfter Sorgfalt gepr\u00fcft und erstellt. Der Anbieter \u00fcbernimmt jedoch keine Gew\u00e4hr f\u00fcr Richtigkeit, Vollst\u00e4ndigkeit und Aktualit\u00e4t des Inhalts. Der Anbieter beh\u00e4lt sich ausdr\u00fccklich vor, den Internetauftritt frei zu ver\u00e4ndern. Haftung f\u00fcr LinksDieser Internetauftritt enth\u00e4lt Links zu externen Webseiten, auf deren Inhalte der Anbieter keinen Einfluss hat. F\u00fcr die Inhalte der verlinkten Seiten ist stets der jeweilige Anbieter oder Betreiber der Seiten verantwortlich. Daher distanziert sich der Anbieter trotz sorgf\u00e4ltiger \u00dcberpr\u00fcfung ausdr\u00fccklich von allen Inhalten aller verlinkter Seiten. Notfallnummern (externe Dienste) Deutschland TelefonseelsorgeTel.: 0800\/1110111 \/ 0800\/1110222Tel.: 0800\/1110333 (speziell f\u00fcr Kinder + Jugendliche)Tel.: 0800\/1110550 (Elterntelefon) Notfalltelefon Suizid DeutschlandTel.: 030\/8730111 Sucht- und DrogenhotlineTel.: 01805\/313031 Aktionskreis E\u00df-und Magersucht Cinderella e.V.Tel.: 089\/5021212 ANAD Selbsthilfe Anorexie Bulimia Nervosa e.V.Tel.: 089\/2199730 WEISSER RING e.V Hilfe und Unterst\u00fctzung von Opfern und ihren Angeh\u00f6rigen bei vors\u00e4tzlichen Straftaten (Bundesweit vertreten)Tel.: 030\/8337060 VergiftungszentraleTel.: 030\/19240 \u00d6sterreich TelefonseelsorgeTel.: 142 Sucht- und DrogenhotlineTel.: 0810\/208877 Psychiatrische NotrufhilfeTel.: 31330 VergiftungszentraleTel.: 01\/4064343 Anonyme AlkoholikerTel.: 0222\/788241 Anonyme SpielerTel.: 0222\/551357 Blaues Kreuz in \u00d6sterreichTel.: 0222\/442746 Bundesverband der Elternkreise drogengef\u00e4hrderter und Drogenabh\u00e4ngigerTel.: 0662\/840734 Selbsthilfegruppe f\u00fcr Essgest\u00f6rte Nachbarschaftszentrum WienTel.: 0222\/239898 Schweiz TelefonseelsorgeTel.: 143Tel.: 0800554210 (speziell f\u00fcr Kinder + Jugendliche) VergiftungszentraleTel.: 145 Sucht- und Drogenhotline Tel.: 052\/7211743 (Alkohol), 052-7211744 (Drogen)<\/p>","protected":false},"author":1,"featured_media":0,"parent":0,"menu_order":0,"comment_status":"closed","ping_status":"closed","template":"","meta":{"footnotes":""},"class_list":["post-1262","page","type-page","status-publish","hentry"],"yoast_head":"<!-- This site is optimized with the Yoast SEO plugin v24.4 - https:\/\/yoast.com\/wordpress\/plugins\/seo\/ -->\n<title>Impressum - Therapy with AI<\/title>\n<meta name=\"robots\" content=\"noindex, nofollow\" \/>\n<meta property=\"og:locale\" content=\"en_US\" \/>\n<meta property=\"og:type\" content=\"article\" \/>\n<meta property=\"og:title\" content=\"Impressum - Therapy with AI\" \/>\n<meta property=\"og:description\" content=\"Impressum zugleich Anbieterkennung im Sinne von \u00a75 TMG Therapie mit KIAlexander H\u00e4hnelHoherlehmer Stra\u00dfe 5115711 K\u00f6nigs Wusterhausen Email: info(at)therapie-mit-ki.deWebsite: www.therapie-mit-ki.de nachfolgend auch &#8222;Anbieter&#8220; genannt Verantwortliche(r) f\u00fcr den Inhalt gem\u00e4\u00df RStVAlexander H\u00e4hnel SchlichtungsstelleDie EU-Kommission bietet die M\u00f6glichkeit zur Online-Streitbeilegung auf einer von ihr betriebenen Online-Plattform. Diese Plattform ist \u00fcber den externen Link: http:\/\/ec.europa.eu\/consumers\/odr\/\u00a0zu erreichen. Haftung f\u00fcr InhalteDie Inhalte dieses Internetauftritts wurden mit gr\u00f6\u00dfter Sorgfalt gepr\u00fcft und erstellt. Der Anbieter \u00fcbernimmt jedoch keine Gew\u00e4hr f\u00fcr Richtigkeit, Vollst\u00e4ndigkeit und Aktualit\u00e4t des Inhalts. Der Anbieter beh\u00e4lt sich ausdr\u00fccklich vor, den Internetauftritt frei zu ver\u00e4ndern. Haftung f\u00fcr LinksDieser Internetauftritt enth\u00e4lt Links zu externen Webseiten, auf deren Inhalte der Anbieter keinen Einfluss hat. F\u00fcr die Inhalte der verlinkten Seiten ist stets der jeweilige Anbieter oder Betreiber der Seiten verantwortlich. Daher distanziert sich der Anbieter trotz sorgf\u00e4ltiger \u00dcberpr\u00fcfung ausdr\u00fccklich von allen Inhalten aller verlinkter Seiten. Notfallnummern (externe Dienste) Deutschland TelefonseelsorgeTel.: 0800\/1110111 \/ 0800\/1110222Tel.: 0800\/1110333 (speziell f\u00fcr Kinder + Jugendliche)Tel.: 0800\/1110550 (Elterntelefon) Notfalltelefon Suizid DeutschlandTel.: 030\/8730111 Sucht- und DrogenhotlineTel.: 01805\/313031 Aktionskreis E\u00df-und Magersucht Cinderella e.V.Tel.: 089\/5021212 ANAD Selbsthilfe Anorexie Bulimia Nervosa e.V.Tel.: 089\/2199730 WEISSER RING e.V Hilfe und Unterst\u00fctzung von Opfern und ihren Angeh\u00f6rigen bei vors\u00e4tzlichen Straftaten (Bundesweit vertreten)Tel.: 030\/8337060 VergiftungszentraleTel.: 030\/19240 \u00d6sterreich TelefonseelsorgeTel.: 142 Sucht- und DrogenhotlineTel.: 0810\/208877 Psychiatrische NotrufhilfeTel.: 31330 VergiftungszentraleTel.: 01\/4064343 Anonyme AlkoholikerTel.: 0222\/788241 Anonyme SpielerTel.: 0222\/551357 Blaues Kreuz in \u00d6sterreichTel.: 0222\/442746 Bundesverband der Elternkreise drogengef\u00e4hrderter und Drogenabh\u00e4ngigerTel.: 0662\/840734 Selbsthilfegruppe f\u00fcr Essgest\u00f6rte Nachbarschaftszentrum WienTel.: 0222\/239898 Schweiz TelefonseelsorgeTel.: 143Tel.: 0800554210 (speziell f\u00fcr Kinder + Jugendliche) VergiftungszentraleTel.: 145 Sucht- und Drogenhotline Tel.: 052\/7211743 (Alkohol), 052-7211744 (Drogen)\" \/>\n<meta property=\"og:url\" content=\"https:\/\/therapy-with-ai.com\/en\/impressum\/\" \/>\n<meta property=\"og:site_name\" content=\"Therapy with AI\" \/>\n<meta property=\"article:modified_time\" content=\"2025-04-10T08:26:10+00:00\" \/>\n<meta name=\"twitter:card\" content=\"summary_large_image\" \/>\n<meta name=\"twitter:label1\" content=\"Est. reading time\" \/>\n\t<meta name=\"twitter:data1\" content=\"2 minutes\" \/>\n<script type=\"application\/ld+json\" class=\"yoast-schema-graph\">{\"@context\":\"https:\/\/schema.org\",\"@graph\":[{\"@type\":\"WebPage\",\"@id\":\"https:\/\/therapy-with-ai.com\/impressum\/\",\"url\":\"https:\/\/therapy-with-ai.com\/impressum\/\",\"name\":\"Impressum - Therapy with AI\",\"isPartOf\":{\"@id\":\"https:\/\/therapy-with-ai.com\/#website\"},\"datePublished\":\"2025-02-16T05:11:04+00:00\",\"dateModified\":\"2025-04-10T08:26:10+00:00\",\"breadcrumb\":{\"@id\":\"https:\/\/therapy-with-ai.com\/impressum\/#breadcrumb\"},\"inLanguage\":\"en-US\",\"potentialAction\":[{\"@type\":\"ReadAction\",\"target\":[\"https:\/\/therapy-with-ai.com\/impressum\/\"]}]},{\"@type\":\"BreadcrumbList\",\"@id\":\"https:\/\/therapy-with-ai.com\/impressum\/#breadcrumb\",\"itemListElement\":[{\"@type\":\"ListItem\",\"position\":1,\"name\":\"Startseite\",\"item\":\"https:\/\/therapy-with-ai.com\/\"},{\"@type\":\"ListItem\",\"position\":2,\"name\":\"Impressum\"}]},{\"@type\":\"WebSite\",\"@id\":\"https:\/\/therapy-with-ai.com\/#website\",\"url\":\"https:\/\/therapy-with-ai.com\/\",\"name\":\"Therapy with AI\",\"description\":\"\",\"potentialAction\":[{\"@type\":\"SearchAction\",\"target\":{\"@type\":\"EntryPoint\",\"urlTemplate\":\"https:\/\/therapy-with-ai.com\/?s={search_term_string}\"},\"query-input\":{\"@type\":\"PropertyValueSpecification\",\"valueRequired\":true,\"valueName\":\"search_term_string\"}}],\"inLanguage\":\"en-US\"}]}<\/script>\n<!-- \/ Yoast SEO plugin. -->","yoast_head_json":{"title":"Impressum - Therapy with AI","robots":{"index":"noindex","follow":"nofollow"},"og_locale":"en_US","og_type":"article","og_title":"Impressum - Therapy with AI","og_description":"Impressum zugleich Anbieterkennung im Sinne von \u00a75 TMG Therapie mit KIAlexander H\u00e4hnelHoherlehmer Stra\u00dfe 5115711 K\u00f6nigs Wusterhausen Email: info(at)therapie-mit-ki.deWebsite: www.therapie-mit-ki.de nachfolgend auch &#8222;Anbieter&#8220; genannt Verantwortliche(r) f\u00fcr den Inhalt gem\u00e4\u00df RStVAlexander H\u00e4hnel SchlichtungsstelleDie EU-Kommission bietet die M\u00f6glichkeit zur Online-Streitbeilegung auf einer von ihr betriebenen Online-Plattform. Diese Plattform ist \u00fcber den externen Link: http:\/\/ec.europa.eu\/consumers\/odr\/\u00a0zu erreichen. Haftung f\u00fcr InhalteDie Inhalte dieses Internetauftritts wurden mit gr\u00f6\u00dfter Sorgfalt gepr\u00fcft und erstellt. Der Anbieter \u00fcbernimmt jedoch keine Gew\u00e4hr f\u00fcr Richtigkeit, Vollst\u00e4ndigkeit und Aktualit\u00e4t des Inhalts. Der Anbieter beh\u00e4lt sich ausdr\u00fccklich vor, den Internetauftritt frei zu ver\u00e4ndern. Haftung f\u00fcr LinksDieser Internetauftritt enth\u00e4lt Links zu externen Webseiten, auf deren Inhalte der Anbieter keinen Einfluss hat. F\u00fcr die Inhalte der verlinkten Seiten ist stets der jeweilige Anbieter oder Betreiber der Seiten verantwortlich. Daher distanziert sich der Anbieter trotz sorgf\u00e4ltiger \u00dcberpr\u00fcfung ausdr\u00fccklich von allen Inhalten aller verlinkter Seiten. Notfallnummern (externe Dienste) Deutschland TelefonseelsorgeTel.: 0800\/1110111 \/ 0800\/1110222Tel.: 0800\/1110333 (speziell f\u00fcr Kinder + Jugendliche)Tel.: 0800\/1110550 (Elterntelefon) Notfalltelefon Suizid DeutschlandTel.: 030\/8730111 Sucht- und DrogenhotlineTel.: 01805\/313031 Aktionskreis E\u00df-und Magersucht Cinderella e.V.Tel.: 089\/5021212 ANAD Selbsthilfe Anorexie Bulimia Nervosa e.V.Tel.: 089\/2199730 WEISSER RING e.V Hilfe und Unterst\u00fctzung von Opfern und ihren Angeh\u00f6rigen bei vors\u00e4tzlichen Straftaten (Bundesweit vertreten)Tel.: 030\/8337060 VergiftungszentraleTel.: 030\/19240 \u00d6sterreich TelefonseelsorgeTel.: 142 Sucht- und DrogenhotlineTel.: 0810\/208877 Psychiatrische NotrufhilfeTel.: 31330 VergiftungszentraleTel.: 01\/4064343 Anonyme AlkoholikerTel.: 0222\/788241 Anonyme SpielerTel.: 0222\/551357 Blaues Kreuz in \u00d6sterreichTel.: 0222\/442746 Bundesverband der Elternkreise drogengef\u00e4hrderter und Drogenabh\u00e4ngigerTel.: 0662\/840734 Selbsthilfegruppe f\u00fcr Essgest\u00f6rte Nachbarschaftszentrum WienTel.: 0222\/239898 Schweiz TelefonseelsorgeTel.: 143Tel.: 0800554210 (speziell f\u00fcr Kinder + Jugendliche) VergiftungszentraleTel.: 145 Sucht- und Drogenhotline Tel.: 052\/7211743 (Alkohol), 052-7211744 (Drogen)","og_url":"https:\/\/therapy-with-ai.com\/en\/impressum\/","og_site_name":"Therapy with AI","article_modified_time":"2025-04-10T08:26:10+00:00","twitter_card":"summary_large_image","twitter_misc":{"Est. reading time":"2 minutes"},"schema":{"@context":"https:\/\/schema.org","@graph":[{"@type":"WebPage","@id":"https:\/\/therapy-with-ai.com\/impressum\/","url":"https:\/\/therapy-with-ai.com\/impressum\/","name":"Impressum - Therapy with AI","isPartOf":{"@id":"https:\/\/therapy-with-ai.com\/#website"},"datePublished":"2025-02-16T05:11:04+00:00","dateModified":"2025-04-10T08:26:10+00:00","breadcrumb":{"@id":"https:\/\/therapy-with-ai.com\/impressum\/#breadcrumb"},"inLanguage":"en-US","potentialAction":[{"@type":"ReadAction","target":["https:\/\/therapy-with-ai.com\/impressum\/"]}]},{"@type":"BreadcrumbList","@id":"https:\/\/therapy-with-ai.com\/impressum\/#breadcrumb","itemListElement":[{"@type":"ListItem","position":1,"name":"Startseite","item":"https:\/\/therapy-with-ai.com\/"},{"@type":"ListItem","position":2,"name":"Impressum"}]},{"@type":"WebSite","@id":"https:\/\/therapy-with-ai.com\/#website","url":"https:\/\/therapy-with-ai.com\/","name":"Therapy with AI","description":"","potentialAction":[{"@type":"SearchAction","target":{"@type":"EntryPoint","urlTemplate":"https:\/\/therapy-with-ai.com\/?s={search_term_string}"},"query-input":{"@type":"PropertyValueSpecification","valueRequired":true,"valueName":"search_term_string"}}],"inLanguage":"en-US"}]}},"_links":{"self":[{"href":"https:\/\/therapy-with-ai.com\/en\/wp-json\/wp\/v2\/pages\/1262","targetHints":{"allow":["GET"]}}],"collection":[{"href":"https:\/\/therapy-with-ai.com\/en\/wp-json\/wp\/v2\/pages"}],"about":[{"href":"https:\/\/therapy-with-ai.com\/en\/wp-json\/wp\/v2\/types\/page"}],"author":[{"embeddable":true,"href":"https:\/\/therapy-with-ai.com\/en\/wp-json\/wp\/v2\/users\/1"}],"replies":[{"embeddable":true,"href":"https:\/\/therapy-with-ai.com\/en\/wp-json\/wp\/v2\/comments?post=1262"}],"version-history":[{"count":10,"href":"https:\/\/therapy-with-ai.com\/en\/wp-json\/wp\/v2\/pages\/1262\/revisions"}],"predecessor-version":[{"id":1595,"href":"https:\/\/therapy-with-ai.com\/en\/wp-json\/wp\/v2\/pages\/1262\/revisions\/1595"}],"wp:attachment":[{"href":"https:\/\/therapy-with-ai.com\/en\/wp-json\/wp\/v2\/media?parent=1262"}],"curies":[{"name":"wp","href":"https:\/\/api.w.org\/{rel}","templated":true}]}}