{"id":1247,"date":"2025-02-16T05:58:50","date_gmt":"2025-02-16T04:58:50","guid":{"rendered":"https:\/\/therapy-with-ai.com\/?page_id=1247"},"modified":"2025-02-16T06:05:20","modified_gmt":"2025-02-16T05:05:20","slug":"notfallnummern","status":"publish","type":"page","link":"https:\/\/therapy-with-ai.com\/en\/notfallnummern\/","title":{"rendered":"Emergency numbers"},"content":{"rendered":"<div data-elementor-type=\"wp-page\" data-elementor-id=\"1247\" class=\"elementor elementor-1247\">\n\t\t\t\t<div class=\"elementor-element elementor-element-50e55a1 e-flex e-con-boxed wpr-particle-no wpr-jarallax-no wpr-parallax-no wpr-sticky-section-no e-con e-parent\" data-id=\"50e55a1\" data-element_type=\"container\">\n\t\t\t\t\t<div class=\"e-con-inner\">\n\t\t\t\t<div class=\"elementor-element elementor-element-86450ad elementor-widget elementor-widget-heading\" data-id=\"86450ad\" data-element_type=\"widget\" data-widget_type=\"heading.default\">\n\t\t\t\t<div class=\"elementor-widget-container\">\n\t\t\t\t\t<h2 class=\"elementor-heading-title elementor-size-default\">The following numbers are always available in an emergency\n<\/h2>\t\t\t\t<\/div>\n\t\t\t\t<\/div>\n\t\t\t\t<div class=\"elementor-element elementor-element-6c5662d elementor-widget elementor-widget-heading\" data-id=\"6c5662d\" data-element_type=\"widget\" data-widget_type=\"heading.default\">\n\t\t\t\t<div class=\"elementor-widget-container\">\n\t\t\t\t\t<h2 class=\"elementor-heading-title elementor-size-default\">Notfallnummern f\u00fcr dich<\/h2>\t\t\t\t<\/div>\n\t\t\t\t<\/div>\n\t\t\t\t\t<\/div>\n\t\t\t\t<\/div>\n\t\t<div class=\"elementor-element elementor-element-e0060d2 e-flex e-con-boxed wpr-particle-no wpr-jarallax-no wpr-parallax-no wpr-sticky-section-no e-con e-parent\" data-id=\"e0060d2\" data-element_type=\"container\">\n\t\t\t\t\t<div class=\"e-con-inner\">\n\t\t\t\t<div class=\"elementor-element elementor-element-9323fa0 elementor-widget elementor-widget-text-editor\" data-id=\"9323fa0\" data-element_type=\"widget\" data-widget_type=\"text-editor.default\">\n\t\t\t\t<div class=\"elementor-widget-container\">\n\t\t\t\t\t\t\t\t\t<p>This app is not a substitute for therapy and does not provide a medical diagnosis. Please contact a psychotherapist or emergency help if you have mental health problems.<\/p><p>The following emergency numbers are also available:<\/p><p><strong>Germany<\/strong><\/p><p>Telephone counseling<br \/>Tel.: 0800\/1110111 \/ 0800\/1110222<br \/>Tel.: 0800\/1110333 (especially for children)<br \/>Tel.: 0800\/1110550 (for parents)<\/p><p>Emergency telephone Suicide Germany<br \/>Tel.: 030\/8730111<\/p><p>Addiction and drug hotline<br \/>Tel.: 01805\/313031<\/p><p>Action Group Eating and Anorexia Cinderella e.V.<br \/>Tel.: 089\/5021212<\/p><p>ANAD Selbsthilfe Anorexie Bulimia Nervosa e.V.<br \/>Tel.: 089\/2199730<\/p><p>WEISSER RING e.V. Help and support for victims and their families in the event of intentional crimes (represented nationwide)<br \/>Tel.: 030\/8337060<\/p><p>Poison control center<br \/>Tel.: 030\/19240<\/p><p><strong>Austria<\/strong><\/p><p>Telephone counseling<br \/>Tel.: 142<\/p><p>Addiction and drug hotline<br \/>Tel.: 0810\/208877<\/p><p>Psychiatric emergency assistance<br \/>Tel.: 31330<\/p><p>Poison control center<br \/>Tel.: 01\/4064343<\/p><p>Anonymous Alcoholics<br \/>Tel.: 0222\/788241<\/p><p>Anonymous players<br \/>Tel.: 0222\/551357<\/p><p>Blue Cross in Austria<br \/>Tel.: 0222\/442746<\/p><p>Federal Association of Parents' Circles of People at Risk of Drug Addiction and Drug Addicts<br \/>Tel.: 0662\/840734<\/p><p>Self-help group for people with eating disorders Neighborhood Center Vienna<br \/>Tel.: 0222\/239898<\/p><p><strong>Switzerland<\/strong><\/p><p>Telephone counseling<br \/>Tel.: 143<br \/>Tel.: 0800554210 (especially for children and teenagers)<\/p><p>Poison control center<br \/>Tel.: 145<\/p><p>Addiction and drug hotline<\/p><p>Tel.: 052\/7211743 (Alcohol), 052-7211744 (Drugs)<\/p>\t\t\t\t\t\t\t\t<\/div>\n\t\t\t\t<\/div>\n\t\t\t\t\t<\/div>\n\t\t\t\t<\/div>\n\t\t\t\t<\/div>","protected":false},"excerpt":{"rendered":"<p>Die folgenden Nummern stehen im Notfall immer zur Verf\u00fcgung Notfallnummern f\u00fcr dich Diese App ersetzt keine Therapie und stellt keine medizinische Diagnose. Bitte wende dich an einen Psychotherapeuten oder Notfallhilfe, wenn du psychische Probleme haben solltest. Die nachfolgenden Notfallnummern stehen auch zur Verf\u00fcgung: Deutschland TelefonseelsorgeTel.: 0800\/1110111 \/ 0800\/1110222Tel.: 0800\/1110333 (speziell f\u00fcr Kinder + Jugendliche)Tel.: 0800\/1110550 (Elterntelefon) Notfalltelefon Suizid DeutschlandTel.: 030\/8730111 Sucht- und DrogenhotlineTel.: 01805\/313031 Aktionskreis E\u00df-und Magersucht Cinderella e.V.Tel.: 089\/5021212 ANAD Selbsthilfe Anorexie Bulimia Nervosa e.V.Tel.: 089\/2199730 WEISSER RING e.V Hilfe und Unterst\u00fctzung von Opfern und ihren Angeh\u00f6rigen bei vors\u00e4tzlichen Straftaten (Bundesweit vertreten)Tel.: 030\/8337060 VergiftungszentraleTel.: 030\/19240 \u00d6sterreich TelefonseelsorgeTel.: 142 Sucht- und DrogenhotlineTel.: 0810\/208877 Psychiatrische NotrufhilfeTel.: 31330 VergiftungszentraleTel.: 01\/4064343 Anonyme AlkoholikerTel.: 0222\/788241 Anonyme SpielerTel.: 0222\/551357 Blaues Kreuz in \u00d6sterreichTel.: 0222\/442746 Bundesverband der Elternkreise drogengef\u00e4hrderter und Drogenabh\u00e4ngigerTel.: 0662\/840734 Selbsthilfegruppe f\u00fcr Essgest\u00f6rte Nachbarschaftszentrum WienTel.: 0222\/239898 Schweiz TelefonseelsorgeTel.: 143Tel.: 0800554210 (speziell f\u00fcr Kinder + Jugendliche) VergiftungszentraleTel.: 145 Sucht- und Drogenhotline Tel.: 052\/7211743 (Alkohol), 052-7211744 (Drogen)<\/p>","protected":false},"author":1,"featured_media":0,"parent":0,"menu_order":0,"comment_status":"closed","ping_status":"closed","template":"","meta":{"footnotes":""},"class_list":["post-1247","page","type-page","status-publish","hentry"],"yoast_head":"<!-- This site is optimized with the Yoast SEO plugin v24.4 - https:\/\/yoast.com\/wordpress\/plugins\/seo\/ -->\n<title>Notfallnummern - Therapy with AI<\/title>\n<meta name=\"robots\" content=\"index, follow, max-snippet:-1, max-image-preview:large, max-video-preview:-1\" \/>\n<link rel=\"canonical\" href=\"https:\/\/therapy-with-ai.com\/en\/notfallnummern\/\" \/>\n<meta property=\"og:locale\" content=\"en_US\" \/>\n<meta property=\"og:type\" content=\"article\" \/>\n<meta property=\"og:title\" content=\"Notfallnummern - Therapy with AI\" \/>\n<meta property=\"og:description\" content=\"Die folgenden Nummern stehen im Notfall immer zur Verf\u00fcgung Notfallnummern f\u00fcr dich Diese App ersetzt keine Therapie und stellt keine medizinische Diagnose. Bitte wende dich an einen Psychotherapeuten oder Notfallhilfe, wenn du psychische Probleme haben solltest. Die nachfolgenden Notfallnummern stehen auch zur Verf\u00fcgung: Deutschland TelefonseelsorgeTel.: 0800\/1110111 \/ 0800\/1110222Tel.: 0800\/1110333 (speziell f\u00fcr Kinder + Jugendliche)Tel.: 0800\/1110550 (Elterntelefon) Notfalltelefon Suizid DeutschlandTel.: 030\/8730111 Sucht- und DrogenhotlineTel.: 01805\/313031 Aktionskreis E\u00df-und Magersucht Cinderella e.V.Tel.: 089\/5021212 ANAD Selbsthilfe Anorexie Bulimia Nervosa e.V.Tel.: 089\/2199730 WEISSER RING e.V Hilfe und Unterst\u00fctzung von Opfern und ihren Angeh\u00f6rigen bei vors\u00e4tzlichen Straftaten (Bundesweit vertreten)Tel.: 030\/8337060 VergiftungszentraleTel.: 030\/19240 \u00d6sterreich TelefonseelsorgeTel.: 142 Sucht- und DrogenhotlineTel.: 0810\/208877 Psychiatrische NotrufhilfeTel.: 31330 VergiftungszentraleTel.: 01\/4064343 Anonyme AlkoholikerTel.: 0222\/788241 Anonyme SpielerTel.: 0222\/551357 Blaues Kreuz in \u00d6sterreichTel.: 0222\/442746 Bundesverband der Elternkreise drogengef\u00e4hrderter und Drogenabh\u00e4ngigerTel.: 0662\/840734 Selbsthilfegruppe f\u00fcr Essgest\u00f6rte Nachbarschaftszentrum WienTel.: 0222\/239898 Schweiz TelefonseelsorgeTel.: 143Tel.: 0800554210 (speziell f\u00fcr Kinder + Jugendliche) VergiftungszentraleTel.: 145 Sucht- und Drogenhotline Tel.: 052\/7211743 (Alkohol), 052-7211744 (Drogen)\" \/>\n<meta property=\"og:url\" content=\"https:\/\/therapy-with-ai.com\/en\/notfallnummern\/\" \/>\n<meta property=\"og:site_name\" content=\"Therapy with AI\" \/>\n<meta property=\"article:modified_time\" content=\"2025-02-16T05:05:20+00:00\" \/>\n<meta name=\"twitter:card\" content=\"summary_large_image\" \/>\n<meta name=\"twitter:label1\" content=\"Est. reading time\" \/>\n\t<meta name=\"twitter:data1\" content=\"1 minute\" \/>\n<script type=\"application\/ld+json\" class=\"yoast-schema-graph\">{\"@context\":\"https:\/\/schema.org\",\"@graph\":[{\"@type\":\"WebPage\",\"@id\":\"https:\/\/therapy-with-ai.com\/notfallnummern\/\",\"url\":\"https:\/\/therapy-with-ai.com\/notfallnummern\/\",\"name\":\"Notfallnummern - Therapy with AI\",\"isPartOf\":{\"@id\":\"https:\/\/therapy-with-ai.com\/#website\"},\"datePublished\":\"2025-02-16T04:58:50+00:00\",\"dateModified\":\"2025-02-16T05:05:20+00:00\",\"breadcrumb\":{\"@id\":\"https:\/\/therapy-with-ai.com\/notfallnummern\/#breadcrumb\"},\"inLanguage\":\"en-US\",\"potentialAction\":[{\"@type\":\"ReadAction\",\"target\":[\"https:\/\/therapy-with-ai.com\/notfallnummern\/\"]}]},{\"@type\":\"BreadcrumbList\",\"@id\":\"https:\/\/therapy-with-ai.com\/notfallnummern\/#breadcrumb\",\"itemListElement\":[{\"@type\":\"ListItem\",\"position\":1,\"name\":\"Startseite\",\"item\":\"https:\/\/therapy-with-ai.com\/\"},{\"@type\":\"ListItem\",\"position\":2,\"name\":\"Notfallnummern\"}]},{\"@type\":\"WebSite\",\"@id\":\"https:\/\/therapy-with-ai.com\/#website\",\"url\":\"https:\/\/therapy-with-ai.com\/\",\"name\":\"Therapy with AI\",\"description\":\"\",\"potentialAction\":[{\"@type\":\"SearchAction\",\"target\":{\"@type\":\"EntryPoint\",\"urlTemplate\":\"https:\/\/therapy-with-ai.com\/?s={search_term_string}\"},\"query-input\":{\"@type\":\"PropertyValueSpecification\",\"valueRequired\":true,\"valueName\":\"search_term_string\"}}],\"inLanguage\":\"en-US\"}]}<\/script>\n<!-- \/ Yoast SEO plugin. -->","yoast_head_json":{"title":"Notfallnummern - Therapy with AI","robots":{"index":"index","follow":"follow","max-snippet":"max-snippet:-1","max-image-preview":"max-image-preview:large","max-video-preview":"max-video-preview:-1"},"canonical":"https:\/\/therapy-with-ai.com\/en\/notfallnummern\/","og_locale":"en_US","og_type":"article","og_title":"Notfallnummern - Therapy with AI","og_description":"Die folgenden Nummern stehen im Notfall immer zur Verf\u00fcgung Notfallnummern f\u00fcr dich Diese App ersetzt keine Therapie und stellt keine medizinische Diagnose. Bitte wende dich an einen Psychotherapeuten oder Notfallhilfe, wenn du psychische Probleme haben solltest. Die nachfolgenden Notfallnummern stehen auch zur Verf\u00fcgung: Deutschland TelefonseelsorgeTel.: 0800\/1110111 \/ 0800\/1110222Tel.: 0800\/1110333 (speziell f\u00fcr Kinder + Jugendliche)Tel.: 0800\/1110550 (Elterntelefon) Notfalltelefon Suizid DeutschlandTel.: 030\/8730111 Sucht- und DrogenhotlineTel.: 01805\/313031 Aktionskreis E\u00df-und Magersucht Cinderella e.V.Tel.: 089\/5021212 ANAD Selbsthilfe Anorexie Bulimia Nervosa e.V.Tel.: 089\/2199730 WEISSER RING e.V Hilfe und Unterst\u00fctzung von Opfern und ihren Angeh\u00f6rigen bei vors\u00e4tzlichen Straftaten (Bundesweit vertreten)Tel.: 030\/8337060 VergiftungszentraleTel.: 030\/19240 \u00d6sterreich TelefonseelsorgeTel.: 142 Sucht- und DrogenhotlineTel.: 0810\/208877 Psychiatrische NotrufhilfeTel.: 31330 VergiftungszentraleTel.: 01\/4064343 Anonyme AlkoholikerTel.: 0222\/788241 Anonyme SpielerTel.: 0222\/551357 Blaues Kreuz in \u00d6sterreichTel.: 0222\/442746 Bundesverband der Elternkreise drogengef\u00e4hrderter und Drogenabh\u00e4ngigerTel.: 0662\/840734 Selbsthilfegruppe f\u00fcr Essgest\u00f6rte Nachbarschaftszentrum WienTel.: 0222\/239898 Schweiz TelefonseelsorgeTel.: 143Tel.: 0800554210 (speziell f\u00fcr Kinder + Jugendliche) VergiftungszentraleTel.: 145 Sucht- und Drogenhotline Tel.: 052\/7211743 (Alkohol), 052-7211744 (Drogen)","og_url":"https:\/\/therapy-with-ai.com\/en\/notfallnummern\/","og_site_name":"Therapy with AI","article_modified_time":"2025-02-16T05:05:20+00:00","twitter_card":"summary_large_image","twitter_misc":{"Est. reading time":"1 minute"},"schema":{"@context":"https:\/\/schema.org","@graph":[{"@type":"WebPage","@id":"https:\/\/therapy-with-ai.com\/notfallnummern\/","url":"https:\/\/therapy-with-ai.com\/notfallnummern\/","name":"Notfallnummern - Therapy with AI","isPartOf":{"@id":"https:\/\/therapy-with-ai.com\/#website"},"datePublished":"2025-02-16T04:58:50+00:00","dateModified":"2025-02-16T05:05:20+00:00","breadcrumb":{"@id":"https:\/\/therapy-with-ai.com\/notfallnummern\/#breadcrumb"},"inLanguage":"en-US","potentialAction":[{"@type":"ReadAction","target":["https:\/\/therapy-with-ai.com\/notfallnummern\/"]}]},{"@type":"BreadcrumbList","@id":"https:\/\/therapy-with-ai.com\/notfallnummern\/#breadcrumb","itemListElement":[{"@type":"ListItem","position":1,"name":"Startseite","item":"https:\/\/therapy-with-ai.com\/"},{"@type":"ListItem","position":2,"name":"Notfallnummern"}]},{"@type":"WebSite","@id":"https:\/\/therapy-with-ai.com\/#website","url":"https:\/\/therapy-with-ai.com\/","name":"Therapy with AI","description":"","potentialAction":[{"@type":"SearchAction","target":{"@type":"EntryPoint","urlTemplate":"https:\/\/therapy-with-ai.com\/?s={search_term_string}"},"query-input":{"@type":"PropertyValueSpecification","valueRequired":true,"valueName":"search_term_string"}}],"inLanguage":"en-US"}]}},"_links":{"self":[{"href":"https:\/\/therapy-with-ai.com\/en\/wp-json\/wp\/v2\/pages\/1247","targetHints":{"allow":["GET"]}}],"collection":[{"href":"https:\/\/therapy-with-ai.com\/en\/wp-json\/wp\/v2\/pages"}],"about":[{"href":"https:\/\/therapy-with-ai.com\/en\/wp-json\/wp\/v2\/types\/page"}],"author":[{"embeddable":true,"href":"https:\/\/therapy-with-ai.com\/en\/wp-json\/wp\/v2\/users\/1"}],"replies":[{"embeddable":true,"href":"https:\/\/therapy-with-ai.com\/en\/wp-json\/wp\/v2\/comments?post=1247"}],"version-history":[{"count":8,"href":"https:\/\/therapy-with-ai.com\/en\/wp-json\/wp\/v2\/pages\/1247\/revisions"}],"predecessor-version":[{"id":1264,"href":"https:\/\/therapy-with-ai.com\/en\/wp-json\/wp\/v2\/pages\/1247\/revisions\/1264"}],"wp:attachment":[{"href":"https:\/\/therapy-with-ai.com\/en\/wp-json\/wp\/v2\/media?parent=1247"}],"curies":[{"name":"wp","href":"https:\/\/api.w.org\/{rel}","templated":true}]}}